{"id":18,"date":"2024-03-26T10:00:03","date_gmt":"2024-03-26T10:00:03","guid":{"rendered":"https:\/\/www.peax.cz\/?page_id=18"},"modified":"2024-03-26T10:00:03","modified_gmt":"2024-03-26T10:00:03","slug":"homepage","status":"publish","type":"page","link":"https:\/\/www.peax.cz\/o-nas\/","title":{"rendered":"Homepage"},"content":{"rendered":"<p>[et_pb_section fb_built=&#8220;1&#8243; admin_label=&#8220;Services&#8220; _builder_version=&#8220;3.22&#8243; custom_padding=&#8220;90px||80px|&#8220; global_colors_info=&#8220;{}&#8220;][et_pb_row admin_label=&#8220;About&#8220; _builder_version=&#8220;3.25&#8243; background_size=&#8220;initial&#8220; background_position=&#8220;top_left&#8220; background_repeat=&#8220;repeat&#8220; max_width=&#8220;900px&#8220; use_custom_width=&#8220;on&#8220; custom_width_px=&#8220;900px&#8220; global_colors_info=&#8220;{}&#8220;][et_pb_column type=&#8220;4_4&#8243; _builder_version=&#8220;3.25&#8243; custom_padding=&#8220;|||&#8220; global_colors_info=&#8220;{}&#8220; custom_padding__hover=&#8220;|||&#8220;][et_pb_text admin_label=&#8220;About Section Text&#8220; _builder_version=&#8220;4.14.7&#8243; text_font_size=&#8220;16px&#8220; text_line_height=&#8220;1.9em&#8220; background_size=&#8220;initial&#8220; background_position=&#8220;top_left&#8220; background_repeat=&#8220;repeat&#8220; global_colors_info=&#8220;{}&#8220;]<\/p>\n<p class=\"s_radkovanim\">Internetov\u00e9 prezentace jsou v sou\u010dasn\u00e9 dob\u011b neodd\u011blitelnou sou\u010d\u00e1st\u00ed marketingov\u00e9 \u010dinnosti ka\u017ed\u00e9 modern\u00ed firmy. Spole\u010dnost Peax s.r.o. se zam\u011b\u0159uje na tvorbu a spr\u00e1vu internetov\u00e9 prezentace (programov\u00e1n\u00ed, webdesign, podpora), reklamou na Internetu (konzultace reklamn\u00ed kampan\u011b, v\u00fdb\u011br vhodn\u00e9ho m\u00e9dia, tvorba banner\u016f a p\u0159\u00edprava bannerov\u00fdch kampan\u00ed) a ve\u0161kerou dal\u0161\u00ed grafickou a multimedi\u00e1ln\u00ed prezentac\u00ed firem.<\/p>\n<p>[\/et_pb_text][\/et_pb_column][\/et_pb_row][et_pb_row column_structure=&#8220;1_3,1_3,1_3&#8243; _builder_version=&#8220;3.25&#8243; background_size=&#8220;initial&#8220; background_position=&#8220;top_left&#8220; background_repeat=&#8220;repeat&#8220; custom_padding=&#8220;80px|||&#8220; global_colors_info=&#8220;{}&#8220;][et_pb_column type=&#8220;1_3&#8243; _builder_version=&#8220;3.25&#8243; background_position=&#8220;top_left&#8220; custom_padding=&#8220;|||&#8220; global_colors_info=&#8220;{}&#8220; custom_padding__hover=&#8220;|||&#8220;][et_pb_blurb title=&#8220;Tvorba webu&#8220; url=&#8220;#&#8220; use_icon=&#8220;on&#8220; font_icon=&#8220;&#x4e;||divi||400&#8243; icon_color=&#8220;#E02B20&#8243; image_icon_width=&#8220;60px&#8220; admin_label=&#8220;Service 01&#8243; _builder_version=&#8220;4.14.7&#8243; header_font=&#8220;Montserrat||||&#8220; header_text_color=&#8220;#1f1f1f&#8220; header_font_size=&#8220;22px&#8220; header_line_height=&#8220;1.8em&#8220; body_font_size=&#8220;16px&#8220; body_line_height=&#8220;1.9em&#8220; background_size=&#8220;initial&#8220; background_position=&#8220;top_left&#8220; background_repeat=&#8220;repeat&#8220; text_orientation=&#8220;center&#8220; animation_style=&#8220;fold&#8220; animation_direction=&#8220;bottom&#8220; animation_intensity_fold=&#8220;30%&#8220; icon_font_size=&#8220;60px&#8220; global_colors_info=&#8220;{}&#8220;][\/et_pb_blurb][\/et_pb_column][et_pb_column type=&#8220;1_3&#8243; _builder_version=&#8220;3.25&#8243; background_position=&#8220;top_left&#8220; custom_padding=&#8220;|||&#8220; global_colors_info=&#8220;{}&#8220; custom_padding__hover=&#8220;|||&#8220;][et_pb_blurb title=&#8220;Marketing&#8220; url=&#8220;#&#8220; use_icon=&#8220;on&#8220; font_icon=&#8220;&#xe029;||divi||400&#8243; icon_color=&#8220;#E02B20&#8243; image_icon_width=&#8220;60px&#8220; admin_label=&#8220;Service 02&#8243; _builder_version=&#8220;4.14.7&#8243; header_font=&#8220;Montserrat||||&#8220; header_text_color=&#8220;#1f1f1f&#8220; header_font_size=&#8220;22px&#8220; header_line_height=&#8220;1.8em&#8220; body_font_size=&#8220;16px&#8220; body_line_height=&#8220;1.9em&#8220; background_size=&#8220;initial&#8220; background_position=&#8220;top_left&#8220; background_repeat=&#8220;repeat&#8220; text_orientation=&#8220;center&#8220; animation_style=&#8220;fold&#8220; animation_direction=&#8220;bottom&#8220; animation_delay=&#8220;100ms&#8220; animation_intensity_fold=&#8220;30%&#8220; icon_font_size=&#8220;60px&#8220; global_colors_info=&#8220;{}&#8220;][\/et_pb_blurb][\/et_pb_column][et_pb_column type=&#8220;1_3&#8243; _builder_version=&#8220;3.25&#8243; background_position=&#8220;top_left&#8220; custom_padding=&#8220;|||&#8220; global_colors_info=&#8220;{}&#8220; custom_padding__hover=&#8220;|||&#8220;][et_pb_blurb title=&#8220;Spr\u00e1va kamenn\u00fdch prodejen &#8220; url=&#8220;#&#8220; use_icon=&#8220;on&#8220; font_icon=&#8220;&#x7e;||divi||400&#8243; icon_color=&#8220;#E02B20&#8243; image_icon_width=&#8220;60px&#8220; admin_label=&#8220;Service 03&#8243; _builder_version=&#8220;4.14.7&#8243; header_font=&#8220;Montserrat||||&#8220; header_text_color=&#8220;#1f1f1f&#8220; header_font_size=&#8220;22px&#8220; header_line_height=&#8220;1.8em&#8220; body_font_size=&#8220;16px&#8220; body_line_height=&#8220;1.9em&#8220; background_size=&#8220;initial&#8220; background_position=&#8220;top_left&#8220; background_repeat=&#8220;repeat&#8220; text_orientation=&#8220;center&#8220; animation_style=&#8220;fold&#8220; animation_direction=&#8220;bottom&#8220; animation_delay=&#8220;300ms&#8220; animation_intensity_fold=&#8220;30%&#8220; icon_font_size=&#8220;60px&#8220; global_colors_info=&#8220;{}&#8220;][\/et_pb_blurb][\/et_pb_column][\/et_pb_row][\/et_pb_section]<\/p>\n","protected":false},"excerpt":{"rendered":"<p>Internetov\u00e9 prezentace jsou v sou\u010dasn\u00e9 dob\u011b&#8230;<\/p>\n","protected":false},"author":1,"featured_media":0,"parent":0,"menu_order":0,"comment_status":"closed","ping_status":"closed","template":"","meta":{"_et_pb_use_builder":"on","_et_pb_old_content":"","_et_gb_content_width":"","footnotes":""},"_links":{"self":[{"href":"https:\/\/www.peax.cz\/o-nas\/wp-json\/wp\/v2\/pages\/18"}],"collection":[{"href":"https:\/\/www.peax.cz\/o-nas\/wp-json\/wp\/v2\/pages"}],"about":[{"href":"https:\/\/www.peax.cz\/o-nas\/wp-json\/wp\/v2\/types\/page"}],"author":[{"embeddable":true,"href":"https:\/\/www.peax.cz\/o-nas\/wp-json\/wp\/v2\/users\/1"}],"replies":[{"embeddable":true,"href":"https:\/\/www.peax.cz\/o-nas\/wp-json\/wp\/v2\/comments?post=18"}],"version-history":[{"count":7,"href":"https:\/\/www.peax.cz\/o-nas\/wp-json\/wp\/v2\/pages\/18\/revisions"}],"predecessor-version":[{"id":61,"href":"https:\/\/www.peax.cz\/o-nas\/wp-json\/wp\/v2\/pages\/18\/revisions\/61"}],"wp:attachment":[{"href":"https:\/\/www.peax.cz\/o-nas\/wp-json\/wp\/v2\/media?parent=18"}],"curies":[{"name":"wp","href":"https:\/\/api.w.org\/{rel}","templated":true}]}}